{"id":11381,"date":"2024-01-19T12:09:48","date_gmt":"2024-01-19T11:09:48","guid":{"rendered":"https:\/\/bautizoycomunion.com\/?page_id=11381"},"modified":"2024-01-19T12:09:48","modified_gmt":"2024-01-19T11:09:48","slug":"politica-de-cookies","status":"publish","type":"page","link":"https:\/\/bautizoycomunion.com\/index.php\/politica-de-cookies\/","title":{"rendered":"Pol\u00edtica de Cookies"},"content":{"rendered":"\n<p> \u00abUso de cookies en nuestro sitio web En cumplimiento de la normativa espa\u00f1ola sobre cookies, nuestro sitio web utiliza cookies para mejorar la experiencia de navegaci\u00f3n de nuestros usuarios. Las cookies son peque\u00f1os archivos de texto que se almacenan en su dispositivo para recordar sus preferencias y brindarle una experiencia personalizada. Al utilizar nuestro sitio web, usted acepta el uso de cookies de acuerdo con nuestra pol\u00edtica de cookies. <\/p>\n\n\n\n<p>\u00bfQu\u00e9 son las cookies? <\/p>\n\n\n\n<p>Las cookies son utilizadas por la mayor\u00eda de los sitios web para personalizar la experiencia del usuario. Pueden almacenar informaci\u00f3n sobre sus preferencias y permitirnos adaptar nuestro sitio web a sus intereses. Las cookies tambi\u00e9n pueden ser utilizadas para recopilar informaci\u00f3n an\u00f3nima sobre la forma en que los usuarios interact\u00faan con nuestro sitio web, lo que nos ayuda a mejorar nuestros servicios. <\/p>\n\n\n\n<p>Tipos de cookies que utilizamos <\/p>\n\n\n\n<p>En nuestro sitio web utilizamos cookies de an\u00e1lisis que nos permiten recopilar informaci\u00f3n sobre c\u00f3mo los usuarios interact\u00faan con nuestro contenido. Esta informaci\u00f3n es utilizada para mejorar la calidad de nuestro sitio web y ofrecer una experiencia de navegaci\u00f3n m\u00e1s satisfactoria. Adem\u00e1s, utilizamos cookies publicitarias comportamentales que nos permiten mostrarle publicidad personalizada en funci\u00f3n de sus intereses y preferencias de navegaci\u00f3n. <\/p>\n\n\n\n<p>Gesti\u00f3n de cookies <\/p>\n\n\n\n<p>Usted puede gestionar sus preferencias de cookies en cualquier momento a trav\u00e9s de la configuraci\u00f3n de su navegador. Tenga en cuenta que la desactivaci\u00f3n de ciertas cookies puede afectar la funcionalidad de nuestro sitio web. <\/p>\n\n\n\n<p>En cumplimiento de la normativa espa\u00f1ola, le informamos que al utilizar nuestro sitio web, usted acepta el uso de cookies de acuerdo con nuestra pol\u00edtica de cookies. Si tiene alguna pregunta sobre el uso de cookies en nuestro sitio web, no dude en ponerse en contacto con nosotros. Adem\u00e1s, le recomendamos que consulte la gu\u00eda de cookies de la Agencia Espa\u00f1ola de Protecci\u00f3n de Datos (AEPD) para obtener m\u00e1s informaci\u00f3n sobre la normativa de cookies en Espa\u00f1a y sus obligaciones legales.\u00bb <\/p>\n","protected":false},"excerpt":{"rendered":"<p>\u00abUso de cookies en nuestro sitio web En cumplimiento de la normativa espa\u00f1ola sobre cookies, nuestro sitio web utiliza cookies para mejorar la experiencia de navegaci\u00f3n de nuestros usuarios. Las cookies son peque\u00f1os archivos de texto que se almacenan en su dispositivo para recordar sus preferencias y brindarle una experiencia &hellip; <a class=\"more-link\" href=\"https:\/\/bautizoycomunion.com\/index.php\/politica-de-cookies\/\"><span class=\"more-msg\">Sigue leyendo &rarr;<\/span><\/a><\/p>\n","protected":false},"author":1,"featured_media":0,"parent":0,"menu_order":0,"comment_status":"closed","ping_status":"closed","template":"","meta":{"footnotes":""},"class_list":["post-11381","page","type-page","status-publish","hentry"],"yoast_head":"<!-- This site is optimized with the Yoast SEO plugin v26.1.1 - https:\/\/yoast.com\/wordpress\/plugins\/seo\/ -->\n<title>Pol\u00edtica de Cookies &#8211; Bautizo y Comunion<\/title>\n<meta name=\"robots\" content=\"index, follow, max-snippet:-1, max-image-preview:large, max-video-preview:-1\" \/>\n<link rel=\"canonical\" href=\"https:\/\/bautizoycomunion.com\/index.php\/politica-de-cookies\/\" \/>\n<meta property=\"og:locale\" content=\"es_ES\" \/>\n<meta property=\"og:type\" content=\"article\" \/>\n<meta property=\"og:title\" content=\"Pol\u00edtica de Cookies &#8211; Bautizo y Comunion\" \/>\n<meta property=\"og:description\" content=\"\u00abUso de cookies en nuestro sitio web En cumplimiento de la normativa espa\u00f1ola sobre cookies, nuestro sitio web utiliza cookies para mejorar la experiencia de navegaci\u00f3n de nuestros usuarios. Las cookies son peque\u00f1os archivos de texto que se almacenan en su dispositivo para recordar sus preferencias y brindarle una experiencia &hellip; Sigue leyendo &rarr;\" \/>\n<meta property=\"og:url\" content=\"https:\/\/bautizoycomunion.com\/index.php\/politica-de-cookies\/\" \/>\n<meta property=\"og:site_name\" content=\"Bautizo y Comunion\" \/>\n<meta property=\"article:publisher\" content=\"https:\/\/www.facebook.com\/BautizosyComuniones\" \/>\n<meta name=\"twitter:card\" content=\"summary_large_image\" \/>\n<meta name=\"twitter:site\" content=\"@BautizoComunion\" \/>\n<meta name=\"twitter:label1\" content=\"Tiempo de lectura\" \/>\n\t<meta name=\"twitter:data1\" content=\"2 minutos\" \/>\n<script type=\"application\/ld+json\" class=\"yoast-schema-graph\">{\"@context\":\"https:\/\/schema.org\",\"@graph\":[{\"@type\":\"WebPage\",\"@id\":\"https:\/\/bautizoycomunion.com\/index.php\/politica-de-cookies\/\",\"url\":\"https:\/\/bautizoycomunion.com\/index.php\/politica-de-cookies\/\",\"name\":\"Pol\u00edtica de Cookies &#8211; Bautizo y Comunion\",\"isPartOf\":{\"@id\":\"https:\/\/bautizoycomunion.com\/#website\"},\"datePublished\":\"2024-01-19T11:09:48+00:00\",\"breadcrumb\":{\"@id\":\"https:\/\/bautizoycomunion.com\/index.php\/politica-de-cookies\/#breadcrumb\"},\"inLanguage\":\"es\",\"potentialAction\":[{\"@type\":\"ReadAction\",\"target\":[\"https:\/\/bautizoycomunion.com\/index.php\/politica-de-cookies\/\"]}]},{\"@type\":\"BreadcrumbList\",\"@id\":\"https:\/\/bautizoycomunion.com\/index.php\/politica-de-cookies\/#breadcrumb\",\"itemListElement\":[{\"@type\":\"ListItem\",\"position\":1,\"name\":\"Portada\",\"item\":\"https:\/\/bautizoycomunion.com\/\"},{\"@type\":\"ListItem\",\"position\":2,\"name\":\"Pol\u00edtica de Cookies\"}]},{\"@type\":\"WebSite\",\"@id\":\"https:\/\/bautizoycomunion.com\/#website\",\"url\":\"https:\/\/bautizoycomunion.com\/\",\"name\":\"Bautizo y Comunion\",\"description\":\"\",\"publisher\":{\"@id\":\"https:\/\/bautizoycomunion.com\/#organization\"},\"potentialAction\":[{\"@type\":\"SearchAction\",\"target\":{\"@type\":\"EntryPoint\",\"urlTemplate\":\"https:\/\/bautizoycomunion.com\/?s={search_term_string}\"},\"query-input\":{\"@type\":\"PropertyValueSpecification\",\"valueRequired\":true,\"valueName\":\"search_term_string\"}}],\"inLanguage\":\"es\"},{\"@type\":\"Organization\",\"@id\":\"https:\/\/bautizoycomunion.com\/#organization\",\"name\":\"Bautizo y Comunion\",\"url\":\"https:\/\/bautizoycomunion.com\/\",\"logo\":{\"@type\":\"ImageObject\",\"inLanguage\":\"es\",\"@id\":\"https:\/\/bautizoycomunion.com\/#\/schema\/logo\/image\/\",\"url\":\"https:\/\/bautizoycomunion.com\/wp-content\/uploads\/2020\/02\/logo-bautizo-y-comunion.jpg\",\"contentUrl\":\"https:\/\/bautizoycomunion.com\/wp-content\/uploads\/2020\/02\/logo-bautizo-y-comunion.jpg\",\"width\":128,\"height\":128,\"caption\":\"Bautizo y Comunion\"},\"image\":{\"@id\":\"https:\/\/bautizoycomunion.com\/#\/schema\/logo\/image\/\"},\"sameAs\":[\"https:\/\/www.facebook.com\/BautizosyComuniones\",\"https:\/\/x.com\/BautizoComunion\",\"https:\/\/www.instagram.com\/bautizoycomunion\/\",\"https:\/\/www.pinterest.es\/BautizoComunion\/\",\"https:\/\/www.youtube.com\/user\/BautizoyComunionTV\"]}]}<\/script>\n<!-- \/ Yoast SEO plugin. -->","yoast_head_json":{"title":"Pol\u00edtica de Cookies &#8211; Bautizo y Comunion","robots":{"index":"index","follow":"follow","max-snippet":"max-snippet:-1","max-image-preview":"max-image-preview:large","max-video-preview":"max-video-preview:-1"},"canonical":"https:\/\/bautizoycomunion.com\/index.php\/politica-de-cookies\/","og_locale":"es_ES","og_type":"article","og_title":"Pol\u00edtica de Cookies &#8211; Bautizo y Comunion","og_description":"\u00abUso de cookies en nuestro sitio web En cumplimiento de la normativa espa\u00f1ola sobre cookies, nuestro sitio web utiliza cookies para mejorar la experiencia de navegaci\u00f3n de nuestros usuarios. Las cookies son peque\u00f1os archivos de texto que se almacenan en su dispositivo para recordar sus preferencias y brindarle una experiencia &hellip; Sigue leyendo &rarr;","og_url":"https:\/\/bautizoycomunion.com\/index.php\/politica-de-cookies\/","og_site_name":"Bautizo y Comunion","article_publisher":"https:\/\/www.facebook.com\/BautizosyComuniones","twitter_card":"summary_large_image","twitter_site":"@BautizoComunion","twitter_misc":{"Tiempo de lectura":"2 minutos"},"schema":{"@context":"https:\/\/schema.org","@graph":[{"@type":"WebPage","@id":"https:\/\/bautizoycomunion.com\/index.php\/politica-de-cookies\/","url":"https:\/\/bautizoycomunion.com\/index.php\/politica-de-cookies\/","name":"Pol\u00edtica de Cookies &#8211; Bautizo y Comunion","isPartOf":{"@id":"https:\/\/bautizoycomunion.com\/#website"},"datePublished":"2024-01-19T11:09:48+00:00","breadcrumb":{"@id":"https:\/\/bautizoycomunion.com\/index.php\/politica-de-cookies\/#breadcrumb"},"inLanguage":"es","potentialAction":[{"@type":"ReadAction","target":["https:\/\/bautizoycomunion.com\/index.php\/politica-de-cookies\/"]}]},{"@type":"BreadcrumbList","@id":"https:\/\/bautizoycomunion.com\/index.php\/politica-de-cookies\/#breadcrumb","itemListElement":[{"@type":"ListItem","position":1,"name":"Portada","item":"https:\/\/bautizoycomunion.com\/"},{"@type":"ListItem","position":2,"name":"Pol\u00edtica de Cookies"}]},{"@type":"WebSite","@id":"https:\/\/bautizoycomunion.com\/#website","url":"https:\/\/bautizoycomunion.com\/","name":"Bautizo y Comunion","description":"","publisher":{"@id":"https:\/\/bautizoycomunion.com\/#organization"},"potentialAction":[{"@type":"SearchAction","target":{"@type":"EntryPoint","urlTemplate":"https:\/\/bautizoycomunion.com\/?s={search_term_string}"},"query-input":{"@type":"PropertyValueSpecification","valueRequired":true,"valueName":"search_term_string"}}],"inLanguage":"es"},{"@type":"Organization","@id":"https:\/\/bautizoycomunion.com\/#organization","name":"Bautizo y Comunion","url":"https:\/\/bautizoycomunion.com\/","logo":{"@type":"ImageObject","inLanguage":"es","@id":"https:\/\/bautizoycomunion.com\/#\/schema\/logo\/image\/","url":"https:\/\/bautizoycomunion.com\/wp-content\/uploads\/2020\/02\/logo-bautizo-y-comunion.jpg","contentUrl":"https:\/\/bautizoycomunion.com\/wp-content\/uploads\/2020\/02\/logo-bautizo-y-comunion.jpg","width":128,"height":128,"caption":"Bautizo y Comunion"},"image":{"@id":"https:\/\/bautizoycomunion.com\/#\/schema\/logo\/image\/"},"sameAs":["https:\/\/www.facebook.com\/BautizosyComuniones","https:\/\/x.com\/BautizoComunion","https:\/\/www.instagram.com\/bautizoycomunion\/","https:\/\/www.pinterest.es\/BautizoComunion\/","https:\/\/www.youtube.com\/user\/BautizoyComunionTV"]}]}},"_links":{"self":[{"href":"https:\/\/bautizoycomunion.com\/index.php\/wp-json\/wp\/v2\/pages\/11381","targetHints":{"allow":["GET"]}}],"collection":[{"href":"https:\/\/bautizoycomunion.com\/index.php\/wp-json\/wp\/v2\/pages"}],"about":[{"href":"https:\/\/bautizoycomunion.com\/index.php\/wp-json\/wp\/v2\/types\/page"}],"author":[{"embeddable":true,"href":"https:\/\/bautizoycomunion.com\/index.php\/wp-json\/wp\/v2\/users\/1"}],"replies":[{"embeddable":true,"href":"https:\/\/bautizoycomunion.com\/index.php\/wp-json\/wp\/v2\/comments?post=11381"}],"version-history":[{"count":1,"href":"https:\/\/bautizoycomunion.com\/index.php\/wp-json\/wp\/v2\/pages\/11381\/revisions"}],"predecessor-version":[{"id":11382,"href":"https:\/\/bautizoycomunion.com\/index.php\/wp-json\/wp\/v2\/pages\/11381\/revisions\/11382"}],"wp:attachment":[{"href":"https:\/\/bautizoycomunion.com\/index.php\/wp-json\/wp\/v2\/media?parent=11381"}],"curies":[{"name":"wp","href":"https:\/\/api.w.org\/{rel}","templated":true}]}}